{"id":2313,"date":"2025-10-27T17:26:11","date_gmt":"2025-10-27T16:26:11","guid":{"rendered":"https:\/\/www.lemongrass-media.com\/sobre-immensiva\/"},"modified":"2025-10-27T17:40:58","modified_gmt":"2025-10-27T16:40:58","slug":"sobre-immensiva","status":"publish","type":"page","link":"https:\/\/www.lemongrass-media.com\/ca\/sobre-immensiva\/","title":{"rendered":"Sobre Immensiva"},"content":{"rendered":"<div class=\"wpb-content-wrapper\">[vc_row][vc_column][vc_single_image image=&#8221;1247&#8243; img_size=&#8221;full&#8221;][\/vc_column][\/vc_row][vc_row][vc_column][vc_separator][\/vc_column][\/vc_row][vc_row][vc_column][vc_column_text css=&#8221;&#8221;]<h4><\/h4>\n<h4><strong>Oferim propostes de valor d&#8217;\u00faltima generaci\u00f3 per a empreses i institucions, que implementem a trav\u00e9s de la nostra xarxa d&#8217;artistes i els nostres socis tecnol\u00f2gics.<\/strong><\/h4>\n&nbsp;\n\n<strong>Experi\u00e8ncies de marca<\/strong>: experi\u00e8ncies \u00faniques i memorables on els usuaris poden interactuar de manera immersiva, contribuint a generar un major comprom\u00eds emocional i una connexi\u00f3 m\u00e9s profunda amb la marca.\n\n<strong>Creaci\u00f3 de contingut immersiu<\/strong>: contingut m\u00e9s atractiu i interactiu que pot ajudar a captar l&#8217;atenci\u00f3 dels usuaris i transmetre missatges de manera m\u00e9s impactant.\n\n<strong>Noves narratives<\/strong>: on els espectadors poden submergir-se en hist\u00f2ries, narratives o not\u00edcies i explorar-les des de diferents perspectives. Al mateix temps, les tecnologies de realitat virtual i augmentada, aix\u00ed com la interacci\u00f3 en temps real, tamb\u00e9 poden utilitzar-se per a proporcionar informaci\u00f3 addicional i enriquir l&#8217;experi\u00e8ncia mitjan\u00e7ant la superposici\u00f3 d&#8217;elements interactius en el m\u00f3n real.\n\n<strong>Anuncis i campanyes interactives<\/strong>:&nbsp; involucren m\u00e9s profundament als consumidors, on, per exemple, els usuaris poden provar productes virtualment o explorar cat\u00e0legs interactius en 3D.\n\n[\/vc_column_text][\/vc_column][\/vc_row][vc_row][vc_column][vc_single_image image=&#8221;1417&#8243; img_size=&#8221;full&#8221;][\/vc_column][\/vc_row][vc_row][vc_column][vc_single_image image=&#8221;1395&#8243; img_size=&#8221;large&#8221;][\/vc_column][\/vc_row][vc_row][vc_column][vc_column_text]&nbsp;\n<h4><strong data-rich-text-format-boundary=\"true\">\nContacta&#8217;ns perqu\u00e8 puguem ajudar-te a portar la teva empresa al seg\u00fcent nivell gr\u00e0cies a experi\u00e8ncies immersives i d&#8217;alta tecnologia.<\/strong><\/h4>\n&nbsp;[\/vc_column_text][\/vc_column][\/vc_row][vc_row][vc_column]<div class=\"ult-spacer spacer-69e1021caec5f\" data-id=\"69e1021caec5f\" data-height=\"5\" data-height-mobile=\"5\" data-height-tab=\"5\" data-height-tab-portrait=\"\" data-height-mobile-landscape=\"\" style=\"clear:both;display:block;\"><\/div>[\/vc_column][\/vc_row][vc_row type=&#8221;vc_default&#8221; bg_type=&#8221;image&#8221; parallax_style=&#8221;vcpb-vz-jquery&#8221; bg_image_new=&#8221;id^1333|url^http:\/\/www.lemongrass-media.com\/wp-content\/uploads\/2023\/01\/barcelona.jpg|caption^null|alt^null|title^barcelona|description^null&#8221; bg_image_repeat=&#8221;no-repeat&#8221; bg_override=&#8221;ex-full&#8221; enable_overlay=&#8221;enable_overlay_value&#8221; overlay_color=&#8221;rgba(0,0,0,0.65)&#8221; overlay_pattern=&#8221;transperant&#8221; seperator_enable=&#8221;seperator_enable_value&#8221; seperator_type=&#8221;tilt_left_seperator&#8221; seperator_svg_height=&#8221;100&#8243; seperator_shape_background=&#8221;#ffffff&#8221; css=&#8221;.vc_custom_1673438194247{padding-top: 170px !important;padding-right: 25px !important;padding-bottom: 90px !important;padding-left: 25px !important;background-color: #000000 !important;}&#8221; el_id=&#8221;contact&#8221;][vc_column width=&#8221;2\/12&#8243;][\/vc_column][vc_column width=&#8221;8\/12&#8243; css=&#8221;.vc_custom_1486041936397{border-top-width: 9px !important;border-right-width: 9px !important;border-bottom-width: 9px !important;border-left-width: 9px !important;padding-top: 15px !important;border-left-color: rgba(255,255,255,0.3) !important;border-left-style: double !important;border-right-color: rgba(255,255,255,0.3) !important;border-right-style: double !important;border-top-color: rgba(255,255,255,0.3) !important;border-top-style: double !important;border-bottom-color: rgba(255,255,255,0.3) !important;border-bottom-style: double !important;}&#8221;][vc_custom_heading text=&#8221;CONTACTA AMB NOSALTRES&#8221; font_container=&#8221;tag:h2|text_align:center|color:%23c6df38&#8243; use_theme_fonts=&#8221;yes&#8221; css=&#8221;&#8221; el_class=&#8221;tituloscajitas&#8221;][vc_separator color=&#8221;custom&#8221; border_width=&#8221;5&#8243; el_width=&#8221;40&#8243; css=&#8221;.vc_custom_1486060277036{padding-bottom: 20px !important;}&#8221; accent_color=&#8221;#aaaaa9&#8243; el_class=&#8221;rayita&#8221;][vc_row_inner][vc_column_inner]<div class=\"aio-icon-component  vc_custom_1761582135973   style_1\"><div id=\"Info-box-wrap-6446\" class=\"aio-icon-box top-icon\" style=\"\"  ><div class=\"aio-icon-top\"><div class=\"ult-just-icon-wrapper  \"><div class=\"align-icon\" style=\"text-align:center;\">\n<div class=\"aio-icon advanced \"  style=\"color:#ffffff;border-style:;border-color:#333333;border-width:1px;width:36px;height:36px;line-height:36px;border-radius:500px;font-size:30px;display:inline-block;\">\n\t<i class=\"far fa-address-book\"><\/i>\n<\/div><\/div><\/div><\/div><div class=\"aio-icon-header\" ><h3 class=\"aio-icon-title ult-responsive\"  data-ultimate-target='#Info-box-wrap-6446 .aio-icon-title'  data-responsive-json-new='{\"font-size\":\"desktop:16px;\",\"line-height\":\"desktop:14px;\"}'  style=\"color:#ffffff;\">Adre\u00e7a<\/h3><\/div> <!-- header --><div class=\"aio-icon-description ult-responsive\"  data-ultimate-target='#Info-box-wrap-6446 .aio-icon-description'  data-responsive-json-new='{\"font-size\":\"desktop:18px;\",\"line-height\":\"\"}'  style=\"color:#ffffff;\">Gran de Gr\u00e0cia 15, 2\u00ba 1\u00aa, 08012 ,Barcelona<\/div> <!-- description --><\/div> <!-- aio-icon-box --><\/div> <!-- aio-icon-component --><div class=\"aio-icon-component    style_1\"><a class=\"aio-icon-box-link\" href=\"mailto:info@lg-media.es\" target=\"_blank\" rel=\"noopener\" ><div id=\"Info-box-wrap-6345\" class=\"aio-icon-box top-icon\" style=\"\"  ><div class=\"aio-icon-top\"><div class=\"ult-just-icon-wrapper  \"><div class=\"align-icon\" style=\"text-align:center;\">\n<div class=\"aio-icon advanced \"  style=\"color:#ffffff;border-style:;border-color:#333333;border-width:1px;width:36px;height:36px;line-height:36px;border-radius:500px;font-size:30px;display:inline-block;\">\n\t<i class=\"fas fa-phone\"><\/i>\n<\/div><\/div><\/div><\/div><div class=\"aio-icon-header\" ><h3 class=\"aio-icon-title ult-responsive\"  data-ultimate-target='#Info-box-wrap-6345 .aio-icon-title'  data-responsive-json-new='{\"font-size\":\"desktop:16px;\",\"line-height\":\"desktop:14px;\"}'  style=\"color:#ffffff;\">Tel\u00e8fon<\/h3><\/div> <!-- header --><div class=\"aio-icon-description ult-responsive\"  data-ultimate-target='#Info-box-wrap-6345 .aio-icon-description'  data-responsive-json-new='{\"font-size\":\"desktop:18px;\",\"line-height\":\"\"}'  style=\"color:#ffffff;\">0034 93 794 86 10<\/div> <!-- description --><\/div> <!-- aio-icon-box --><\/a><\/div> <!-- aio-icon-component --><div class=\"aio-icon-component    style_1\"><a class=\"aio-icon-box-link\" href=\"mailto:info@lg-media.es\" target=\"_blank\" rel=\"noopener\" ><div id=\"Info-box-wrap-4425\" class=\"aio-icon-box top-icon\" style=\"\"  ><div class=\"aio-icon-top\"><div class=\"ult-just-icon-wrapper  \"><div class=\"align-icon\" style=\"text-align:center;\">\n<div class=\"aio-icon advanced \"  style=\"color:#ffffff;border-style:;border-color:#333333;border-width:1px;width:36px;height:36px;line-height:36px;border-radius:500px;font-size:32px;display:inline-block;\">\n\t<i class=\"far fa-envelope\"><\/i>\n<\/div><\/div><\/div><\/div><div class=\"aio-icon-header\" ><h3 class=\"aio-icon-title ult-responsive\"  data-ultimate-target='#Info-box-wrap-4425 .aio-icon-title'  data-responsive-json-new='{\"font-size\":\"desktop:16px;\",\"line-height\":\"desktop:14px;\"}'  style=\"color:#ffffff;\">Email<\/h3><\/div> <!-- header --><div class=\"aio-icon-description ult-responsive\"  data-ultimate-target='#Info-box-wrap-4425 .aio-icon-description'  data-responsive-json-new='{\"font-size\":\"desktop:18px;\",\"line-height\":\"\"}'  style=\"color:#ffffff;\">info(at)lg-media.es<\/div> <!-- description --><\/div> <!-- aio-icon-box --><\/a><\/div> <!-- aio-icon-component -->[\/vc_column_inner][\/vc_row_inner][\/vc_column][vc_column width=&#8221;2\/12&#8243;][\/vc_column][\/vc_row]<!-- \/wp:post-content --><\/div>","protected":false},"excerpt":{"rendered":"<p>[vc_row][vc_column][vc_single_image image=&#8221;1247&#8243; img_size=&#8221;full&#8221;][\/vc_column][\/vc_row][vc_row][vc_column][vc_separator][\/vc_column][\/vc_row][vc_row][vc_column][vc_column_text css=&#8221;&#8221;] Oferim propostes de valor d&#8217;\u00faltima generaci\u00f3 per a empreses i institucions, que implementem a trav\u00e9s de la nostra xarxa d&#8217;artistes i els nostres socis tecnol\u00f2gics. &nbsp; Experi\u00e8ncies de marca: experi\u00e8ncies \u00faniques i memorables on els usuaris poden interactuar de manera immersiva, contribuint a generar un major comprom\u00eds emocional i una connexi\u00f3&hellip;<\/p>\n","protected":false},"author":1,"featured_media":0,"parent":0,"menu_order":0,"comment_status":"closed","ping_status":"closed","template":"template-microsite.php","meta":{"footnotes":""},"class_list":["post-2313","page","type-page","status-publish","hentry","description-off"],"_links":{"self":[{"href":"https:\/\/www.lemongrass-media.com\/ca\/wp-json\/wp\/v2\/pages\/2313","targetHints":{"allow":["GET"]}}],"collection":[{"href":"https:\/\/www.lemongrass-media.com\/ca\/wp-json\/wp\/v2\/pages"}],"about":[{"href":"https:\/\/www.lemongrass-media.com\/ca\/wp-json\/wp\/v2\/types\/page"}],"author":[{"embeddable":true,"href":"https:\/\/www.lemongrass-media.com\/ca\/wp-json\/wp\/v2\/users\/1"}],"replies":[{"embeddable":true,"href":"https:\/\/www.lemongrass-media.com\/ca\/wp-json\/wp\/v2\/comments?post=2313"}],"version-history":[{"count":13,"href":"https:\/\/www.lemongrass-media.com\/ca\/wp-json\/wp\/v2\/pages\/2313\/revisions"}],"predecessor-version":[{"id":2330,"href":"https:\/\/www.lemongrass-media.com\/ca\/wp-json\/wp\/v2\/pages\/2313\/revisions\/2330"}],"wp:attachment":[{"href":"https:\/\/www.lemongrass-media.com\/ca\/wp-json\/wp\/v2\/media?parent=2313"}],"curies":[{"name":"wp","href":"https:\/\/api.w.org\/{rel}","templated":true}]}}