{"id":2267,"date":"2025-10-27T12:20:57","date_gmt":"2025-10-27T11:20:57","guid":{"rendered":"https:\/\/www.lemongrass-media.com\/politica-de-privacitat\/"},"modified":"2025-10-27T12:20:57","modified_gmt":"2025-10-27T11:20:57","slug":"politica-de-privacitat","status":"publish","type":"page","link":"https:\/\/www.lemongrass-media.com\/ca\/politica-de-privacitat\/","title":{"rendered":"Pol\u00edtica de Privacitat"},"content":{"rendered":"<div class=\"wpb-content-wrapper\"><p>[vc_row][vc_column]<div id=\"ultimate-heading-937069f1858b06ebc\" class=\"uvc-heading ult-adjust-bottom-margin ultimate-heading-937069f1858b06ebc uvc-4469  uvc-heading-default-font-sizes\" data-hspacer=\"no_spacer\"  data-halign=\"center\" style=\"text-align:center\"><div class=\"uvc-heading-spacer no_spacer\" style=\"top\"><\/div><div class=\"uvc-main-heading ult-responsive\"  data-ultimate-target='.uvc-heading.ultimate-heading-937069f1858b06ebc h1'  data-responsive-json-new='{\"font-size\":\"\",\"line-height\":\"\"}' ><h1 style=\"--font-weight:theme;\">Pol\u00edtica de Privacitat <\/h1><\/div><\/div>[vc_separator css=&#8221;&#8221;][\/vc_column][\/vc_row][vc_row margin_top=&#8221;40&#8243;][vc_column][vc_column_text css=&#8221;&#8221;]Pol\u00edtica de Privacitat &#8211; LemonGrass Communications S.L.<br \/>Darrera actualitzaci\u00f3: 27\/10\/2025<\/p>\n<p>&nbsp;<\/p>\n<p><strong>1. Qui Som<\/strong><\/p>\n<p>Aquest lloc web (www.lg-media.es) \u00e9s operat per LemonGrass Communications S.L., una empresa registrada a Espanya amb CIF B64644412 i domicili social a Carrer Gran de Gracia 15, 2-1, 08012 Barcelona, Espanya.<br \/>Per a qualsevol consulta relacionada amb la privacitat, pot contactar-nos a info@lg-media.es.<\/p>\n<p>Ens comprometem a protegir la seva privacitat i a garantir que les seves dades personals es gestionin de manera transparent, segura i conforme al Reglament General de Protecci\u00f3 de Dades (UE) 2016\/679 (RGPD) i la legislaci\u00f3 espanyola aplicable en mat\u00e8ria de protecci\u00f3 de dades.<\/p>\n<p>&nbsp;<\/p>\n<p><strong>2. Dades Personals que Recopilem<\/strong><\/p>\n<p>Podem recopilar i processar les seg\u00fcents categories de dades personals:<br \/>Categoria Exemple de Dades Finalitat<br \/>Informaci\u00f3 de Contacte Nom, correu electr\u00f2nic, n\u00famero de tel\u00e8fon Respondre a consultes i proporcionar informaci\u00f3 sol\u00b7licitada<br \/>Informaci\u00f3 Empresarial Nom de l\u2019empresa, c\u00e0rrec, lloc web Comunicaci\u00f3 i col\u00b7laboraci\u00f3 B2B<br \/>Dades d\u2019\u00das Adre\u00e7a IP, tipus de navegador, p\u00e0gines visitades, temps de perman\u00e8ncia Analitzar i millorar el rendiment del lloc web<br \/>Prefer\u00e8ncies de M\u00e0rqueting Detalls de subscripci\u00f3 al butllet\u00ed informatiu Enviar actualitzacions i contingut promocional (nom\u00e9s amb el seu consentiment)<br \/>No recopilem dades personals sensibles tret que sigui estrictament necessari i amb el seu consentiment expr\u00e9s.<\/p>\n<p>&nbsp;<\/p>\n<p><strong>3. Com Utilitzem les seves Dades<\/strong><\/p>\n<p>Les seves dades personals s\u2019utilitzaran per a les seg\u00fcents finalitats:<br \/>\u2022 Respondre a les seves consultes o sol\u00b7licituds de contacte<br \/>\u2022 Gestionar relacions professionals amb clients, socis i prove\u00efdors<br \/>\u2022 Enviar butlletins informatius i actualitzacions (si ha donat el seu consentiment)<br \/>\u2022 Analitzar el tr\u00e0nsit del lloc web i millorar l\u2019experi\u00e8ncia de l\u2019usuari<br \/>\u2022 Complir amb obligacions legals<\/p>\n<p>Mai vendrem, llogarem ni cedirem les seves dades personals a tercers.<\/p>\n<p>&nbsp;<\/p>\n<p><strong>4. Base Legal per al Tractament<\/strong><\/p>\n<p>Tractem les seves dades basant-nos en:<br \/>\u2022 Consentiment (Art. 6.1.a RGPD): per exemple, per a subscripcions a butlletins informatius.<br \/>\u2022 Inter\u00e8s leg\u00edtim (Art. 6.1.f RGPD): per exemple, per millorar els nostres serveis o garantir la seguretat del lloc web.<br \/>\u2022 Necessitat contractual (Art. 6.1.b RGPD): per exemple, per a acords de servei o col\u00b7laboracions de projectes.<br \/>\u2022 Obligaci\u00f3 legal (Art. 6.1.c RGPD): per exemple, per a facturaci\u00f3 o compliment normatiu.<\/p>\n<p>&nbsp;<\/p>\n<p><strong>5. Conservaci\u00f3 de les Dades<\/strong><\/p>\n<p>Conservarem les seves dades personals nom\u00e9s durant el temps necessari per complir amb les finalitats per les quals van ser recopilades o segons ho exigeixi la llei.<br \/>\u2022 Dades de contacte i comunicaci\u00f3: fins a 2 anys despr\u00e9s de la darrera interacci\u00f3.<br \/>\u2022 Dades contractuals i de facturaci\u00f3: 6 anys d\u2019acord amb la normativa comptable espanyola.<\/p>\n<p>&nbsp;<\/p>\n<p><strong>6. Cessi\u00f3 i Transfer\u00e8ncies de Dades<\/strong><\/p>\n<p>Les seves dades poden ser compartides amb prove\u00efdors de serveis de confian\u00e7a que donen suport a les nostres operacions comercials, com ara:<br \/>\u2022 Prove\u00efdors d\u2019allotjament web<br \/>\u2022 Plataformes de m\u00e0rqueting per correu electr\u00f2nic o CRM<br \/>\u2022 Eines d\u2019IT i anal\u00edtiques (per exemple, Google Analytics)<\/p>\n<p>Tots els socis s\u00f3n conformes amb el RGPD i nom\u00e9s processen dades sota les nostres instruccions. No transferim dades fora de l\u2019Espai Econ\u00f2mic Europeu (EEE) llevat que existeixin garanties adequades (per exemple, Cl\u00e0usules Contractuals Tipus).<\/p>\n<p>&nbsp;<\/p>\n<p><strong>7. Els seus Drets<\/strong><\/p>\n<p>T\u00e9 els seg\u00fcents drets d\u2019acord amb el RGPD:<br \/>\u2022 Dret d\u2019acc\u00e9s a les seves dades<br \/>\u2022 Dret de rectificaci\u00f3 de dades incorrectes o incompletes<br \/>\u2022 Dret de supressi\u00f3 (&#8220;dret a l\u2019oblit&#8221;)<br \/>\u2022 Dret a la limitaci\u00f3 del tractament<br \/>\u2022 Dret a la portabilitat de les dades<br \/>\u2022 Dret d\u2019oposici\u00f3 al tractament<br \/>\u2022 Dret a retirar el seu consentiment en qualsevol moment (per a tractaments basats en consentiment)<\/p>\n<p>Per exercir aquests drets, envi\u00ef un correu a info@lg-media.es amb l\u2019assumpte \u201cSol\u00b7licitud de Protecci\u00f3 de Dades\u201d.<\/p>\n<p>Tamb\u00e9 t\u00e9 dret a presentar una reclamaci\u00f3 davant l\u2019**Ag\u00e8ncia Espanyola de Protecci\u00f3 de Dades (AEPD)**: www.aepd.es.<\/p>\n<p>&nbsp;<\/p>\n<p><strong>8. Cookies i An\u00e0lisi<\/strong><\/p>\n<p>El nostre lloc web utilitza cookies i tecnologies similars per:<br \/>\u2022 Garantir la funcionalitat del lloc web<br \/>\u2022 Analitzar el tr\u00e0nsit i les tend\u00e8ncies d\u2019\u00fas<br \/>\u2022 Personalitzar contingut i anuncis (si escau)<\/p>\n<p>Pot gestionar o desactivar les cookies en qualsevol moment des de la configuraci\u00f3 del seu navegador.<br \/>Consulti la nostra Pol\u00edtica de Cookies per a m\u00e9s detalls.<\/p>\n<p>&nbsp;<\/p>\n<p><strong>9. Seguretat<\/strong><\/p>\n<p>Implementem mesures t\u00e8cniques i organitzatives adequades per protegir les seves dades contra accessos no autoritzats, alteraci\u00f3, divulgaci\u00f3 o destrucci\u00f3. L\u2019acc\u00e9s a les dades est\u00e0 restringit \u00fanicament al personal autoritzat.<\/p>\n<p>&nbsp;<\/p>\n<p><strong>10. Actualitzacions d\u2019aquesta Pol\u00edtica<\/strong><\/p>\n<p>Podem actualitzar aquesta Pol\u00edtica de Privacitat peri\u00f2dicament per reflectir canvis legals o operatius. La versi\u00f3 m\u00e9s recent estar\u00e0 sempre disponible en aquesta p\u00e0gina, amb la data de &#8216;Darrera actualitzaci\u00f3&#8217; indicada.<\/p>\n<p>&nbsp;<\/p>\n<p><strong>11. Contacte<\/strong><\/p>\n<p>Si t\u00e9 preguntes, sol\u00b7licituds o reclamacions relacionades amb les seves dades, si us plau contacti amb:<\/p>\n<p>LemonGrass Communications S.L.<br \/>Carrer Gran de Gracia 15, 2-1, 08012 Barcelona, Espanya<br \/>Correu electr\u00f2nic: info@lg-media.es<br \/>Lloc web: www.lg-media.es<\/p>\n<p>&nbsp;[\/vc_column_text][\/vc_column][\/vc_row]<\/p>\n<\/div>","protected":false},"excerpt":{"rendered":"<p>[vc_row][vc_column][vc_separator css=&#8221;&#8221;][\/vc_column][\/vc_row][vc_row margin_top=&#8221;40&#8243;][vc_column][vc_column_text css=&#8221;&#8221;]Pol\u00edtica de Privacitat &#8211; LemonGrass Communications S.L.Darrera actualitzaci\u00f3: 27\/10\/2025 &nbsp; 1. Qui Som Aquest lloc web (www.lg-media.es) \u00e9s operat per LemonGrass Communications S.L., una empresa registrada a Espanya amb CIF B64644412 i domicili social a Carrer Gran de Gracia 15, 2-1, 08012 Barcelona, Espanya.Per a qualsevol consulta relacionada amb la privacitat, pot&hellip;<\/p>\n","protected":false},"author":19,"featured_media":0,"parent":0,"menu_order":0,"comment_status":"closed","ping_status":"closed","template":"","meta":{"footnotes":""},"class_list":["post-2267","page","type-page","status-publish","hentry","description-off"],"_links":{"self":[{"href":"https:\/\/www.lemongrass-media.com\/ca\/wp-json\/wp\/v2\/pages\/2267","targetHints":{"allow":["GET"]}}],"collection":[{"href":"https:\/\/www.lemongrass-media.com\/ca\/wp-json\/wp\/v2\/pages"}],"about":[{"href":"https:\/\/www.lemongrass-media.com\/ca\/wp-json\/wp\/v2\/types\/page"}],"author":[{"embeddable":true,"href":"https:\/\/www.lemongrass-media.com\/ca\/wp-json\/wp\/v2\/users\/19"}],"replies":[{"embeddable":true,"href":"https:\/\/www.lemongrass-media.com\/ca\/wp-json\/wp\/v2\/comments?post=2267"}],"version-history":[{"count":2,"href":"https:\/\/www.lemongrass-media.com\/ca\/wp-json\/wp\/v2\/pages\/2267\/revisions"}],"predecessor-version":[{"id":2269,"href":"https:\/\/www.lemongrass-media.com\/ca\/wp-json\/wp\/v2\/pages\/2267\/revisions\/2269"}],"wp:attachment":[{"href":"https:\/\/www.lemongrass-media.com\/ca\/wp-json\/wp\/v2\/media?parent=2267"}],"curies":[{"name":"wp","href":"https:\/\/api.w.org\/{rel}","templated":true}]}}